{"id":3693,"date":"2025-08-30T20:13:36","date_gmt":"2025-08-30T23:13:36","guid":{"rendered":"https:\/\/citytourcalafate.com\/?page_id=3693"},"modified":"2025-08-30T20:38:39","modified_gmt":"2025-08-30T23:38:39","slug":"reembolsos","status":"publish","type":"page","link":"https:\/\/citytourcalafate.com\/en\/reembolsos\/","title":{"rendered":"Reembolsos"},"content":{"rendered":"<div data-elementor-type=\"wp-page\" data-elementor-id=\"3693\" class=\"elementor elementor-3693\">\n\t\t\t\t<div class=\"elementor-element elementor-element-e438665 e-flex e-con-boxed e-con e-parent\" data-id=\"e438665\" data-element_type=\"container\" data-e-type=\"container\">\n\t\t\t\t\t<div class=\"e-con-inner\">\n\t\t\t\t<div class=\"elementor-element elementor-element-b1b47d4 elementor-widget elementor-widget-heading\" data-id=\"b1b47d4\" data-element_type=\"widget\" data-e-type=\"widget\" data-widget_type=\"heading.default\">\n\t\t\t\t<div class=\"elementor-widget-container\">\n\t\t\t\t\t<h2 class=\"elementor-heading-title elementor-size-default\">Refund policy<\/h2>\t\t\t\t<\/div>\n\t\t\t\t<\/div>\n\t\t\t\t\t<\/div>\n\t\t\t\t<\/div>\n\t\t<div class=\"elementor-element elementor-element-e0b94e8 e-flex e-con-boxed e-con e-parent\" data-id=\"e0b94e8\" data-element_type=\"container\" data-e-type=\"container\">\n\t\t\t\t\t<div class=\"e-con-inner\">\n\t\t\t\t<div class=\"elementor-element elementor-element-b93d9de elementor-widget elementor-widget-heading\" data-id=\"b93d9de\" data-element_type=\"widget\" data-e-type=\"widget\" data-widget_type=\"heading.default\">\n\t\t\t\t<div class=\"elementor-widget-container\">\n\t\t\t\t\t<h5 class=\"elementor-heading-title elementor-size-default\">\u00bfTienes preguntas sobre los reembolsos? \u00a1Aqu\u00ed te ayudamos!\u200b<\/h5>\t\t\t\t<\/div>\n\t\t\t\t<\/div>\n\t\t\t\t<div class=\"elementor-element elementor-element-e1f36a4 elementor-widget elementor-widget-eael-adv-accordion\" data-id=\"e1f36a4\" data-element_type=\"widget\" data-e-type=\"widget\" data-widget_type=\"eael-adv-accordion.default\">\n\t\t\t\t<div class=\"elementor-widget-container\">\n\t\t\t\t\t            <div class=\"eael-adv-accordion\" id=\"eael-adv-accordion-e1f36a4\" data-scroll-on-click=\"no\" data-scroll-speed=\"300\" data-accordion-id=\"e1f36a4\" data-accordion-type=\"accordion\" data-toogle-speed=\"300\">\n            <div class=\"eael-accordion-list\">\n\t\t\t\t\t<div id=\"cunto-tiempo-tengo-para-solicitar-un-reembolso\" class=\"elementor-tab-title eael-accordion-header\" tabindex=\"0\" data-tab=\"1\" aria-controls=\"elementor-tab-content-2361\"><span class=\"eael-advanced-accordion-icon-closed\"><svg aria-hidden=\"true\" class=\"fa-accordion-icon e-font-icon-svg e-fas-plus\" viewbox=\"0 0 448 512\" xmlns=\"http:\/\/www.w3.org\/2000\/svg\"><path d=\"M416 208H272V64c0-17.67-14.33-32-32-32h-32c-17.67 0-32 14.33-32 32v144H32c-17.67 0-32 14.33-32 32v32c0 17.67 14.33 32 32 32h144v144c0 17.67 14.33 32 32 32h32c17.67 0 32-14.33 32-32V304h144c17.67 0 32-14.33 32-32v-32c0-17.67-14.33-32-32-32z\"><\/path><\/svg><\/span><span class=\"eael-advanced-accordion-icon-opened\"><svg aria-hidden=\"true\" class=\"fa-accordion-icon e-font-icon-svg e-fas-minus\" viewbox=\"0 0 448 512\" xmlns=\"http:\/\/www.w3.org\/2000\/svg\"><path d=\"M416 208H32c-17.67 0-32 14.33-32 32v32c0 17.67 14.33 32 32 32h384c17.67 0 32-14.33 32-32v-32c0-17.67-14.33-32-32-32z\"><\/path><\/svg><\/span><span class=\"eael-accordion-tab-title\">\u00bfCu\u00e1nto tiempo tengo para solicitar un reembolso?<\/span><svg aria-hidden=\"true\" class=\"fa-toggle e-font-icon-svg e-fas-angle-right\" viewbox=\"0 0 256 512\" xmlns=\"http:\/\/www.w3.org\/2000\/svg\"><path d=\"M224.3 273l-136 136c-9.4 9.4-24.6 9.4-33.9 0l-22.6-22.6c-9.4-9.4-9.4-24.6 0-33.9l96.4-96.4-96.4-96.4c-9.4-9.4-9.4-24.6 0-33.9L54.3 103c9.4-9.4 24.6-9.4 33.9 0l136 136c9.5 9.4 9.5 24.6.1 34z\"><\/path><\/svg><\/div><div id=\"elementor-tab-content-2361\" class=\"eael-accordion-content clearfix\" data-tab=\"1\" aria-labelledby=\"cunto-tiempo-tengo-para-solicitar-un-reembolso\"><p>Generalmente, las solicitudes deben realizarse con al menos 72 horas de anticipaci\u00f3n a la fecha del city tour.<\/p><\/div>\n\t\t\t\t\t<\/div><div class=\"eael-accordion-list\">\n\t\t\t\t\t<div id=\"voy-a-recibir-el-reembolso-completo\" class=\"elementor-tab-title eael-accordion-header\" tabindex=\"0\" data-tab=\"2\" aria-controls=\"elementor-tab-content-2362\"><span class=\"eael-advanced-accordion-icon-closed\"><svg aria-hidden=\"true\" class=\"fa-accordion-icon e-font-icon-svg e-fas-plus\" viewbox=\"0 0 448 512\" xmlns=\"http:\/\/www.w3.org\/2000\/svg\"><path d=\"M416 208H272V64c0-17.67-14.33-32-32-32h-32c-17.67 0-32 14.33-32 32v144H32c-17.67 0-32 14.33-32 32v32c0 17.67 14.33 32 32 32h144v144c0 17.67 14.33 32 32 32h32c17.67 0 32-14.33 32-32V304h144c17.67 0 32-14.33 32-32v-32c0-17.67-14.33-32-32-32z\"><\/path><\/svg><\/span><span class=\"eael-advanced-accordion-icon-opened\"><svg aria-hidden=\"true\" class=\"fa-accordion-icon e-font-icon-svg e-fas-minus\" viewbox=\"0 0 448 512\" xmlns=\"http:\/\/www.w3.org\/2000\/svg\"><path d=\"M416 208H32c-17.67 0-32 14.33-32 32v32c0 17.67 14.33 32 32 32h384c17.67 0 32-14.33 32-32v-32c0-17.67-14.33-32-32-32z\"><\/path><\/svg><\/span><span class=\"eael-accordion-tab-title\">\u00bfVoy a recibir el reembolso completo?<\/span><svg aria-hidden=\"true\" class=\"fa-toggle e-font-icon-svg e-fas-angle-right\" viewbox=\"0 0 256 512\" xmlns=\"http:\/\/www.w3.org\/2000\/svg\"><path d=\"M224.3 273l-136 136c-9.4 9.4-24.6 9.4-33.9 0l-22.6-22.6c-9.4-9.4-9.4-24.6 0-33.9l96.4-96.4-96.4-96.4c-9.4-9.4-9.4-24.6 0-33.9L54.3 103c9.4-9.4 24.6-9.4 33.9 0l136 136c9.5 9.4 9.5 24.6.1 34z\"><\/path><\/svg><\/div><div id=\"elementor-tab-content-2362\" class=\"eael-accordion-content clearfix\" data-tab=\"2\" aria-labelledby=\"voy-a-recibir-el-reembolso-completo\"><p>El monto del reembolso puede variar seg\u00fan el momento de la cancelaci\u00f3n y las condiciones de la excursi\u00f3n (LEER AL MOMENTO DE LA COMPRA). Si cancelas dentro de los plazos establecidos, generalmente puedes recibir un reembolso completo. En caso de cancelaciones fuera de esos plazos, podr\u00eda aplicarse una peque\u00f1a penalizaci\u00f3n.<\/p><\/div>\n\t\t\t\t\t<\/div><div class=\"eael-accordion-list\">\n\t\t\t\t\t<div id=\"-puedo-cambiar-la-fecha-de-mi-city-tour-en-lugar-de-cancelarla\" class=\"elementor-tab-title eael-accordion-header\" tabindex=\"0\" data-tab=\"3\" aria-controls=\"elementor-tab-content-2363\"><span class=\"eael-advanced-accordion-icon-closed\"><svg aria-hidden=\"true\" class=\"fa-accordion-icon e-font-icon-svg e-fas-plus\" viewbox=\"0 0 448 512\" xmlns=\"http:\/\/www.w3.org\/2000\/svg\"><path d=\"M416 208H272V64c0-17.67-14.33-32-32-32h-32c-17.67 0-32 14.33-32 32v144H32c-17.67 0-32 14.33-32 32v32c0 17.67 14.33 32 32 32h144v144c0 17.67 14.33 32 32 32h32c17.67 0 32-14.33 32-32V304h144c17.67 0 32-14.33 32-32v-32c0-17.67-14.33-32-32-32z\"><\/path><\/svg><\/span><span class=\"eael-advanced-accordion-icon-opened\"><svg aria-hidden=\"true\" class=\"fa-accordion-icon e-font-icon-svg e-fas-minus\" viewbox=\"0 0 448 512\" xmlns=\"http:\/\/www.w3.org\/2000\/svg\"><path d=\"M416 208H32c-17.67 0-32 14.33-32 32v32c0 17.67 14.33 32 32 32h384c17.67 0 32-14.33 32-32v-32c0-17.67-14.33-32-32-32z\"><\/path><\/svg><\/span><span class=\"eael-accordion-tab-title\"> \u00bfPuedo cambiar la fecha de mi city tour en lugar de cancelarla?<\/span><svg aria-hidden=\"true\" class=\"fa-toggle e-font-icon-svg e-fas-angle-right\" viewbox=\"0 0 256 512\" xmlns=\"http:\/\/www.w3.org\/2000\/svg\"><path d=\"M224.3 273l-136 136c-9.4 9.4-24.6 9.4-33.9 0l-22.6-22.6c-9.4-9.4-9.4-24.6 0-33.9l96.4-96.4-96.4-96.4c-9.4-9.4-9.4-24.6 0-33.9L54.3 103c9.4-9.4 24.6-9.4 33.9 0l136 136c9.5 9.4 9.5 24.6.1 34z\"><\/path><\/svg><\/div><div id=\"elementor-tab-content-2363\" class=\"eael-accordion-content clearfix\" data-tab=\"3\" aria-labelledby=\"-puedo-cambiar-la-fecha-de-mi-city-tour-en-lugar-de-cancelarla\"><p>\u00a1Claro! Si deseas cambiar la fecha de tu city tour, lo mejor es que te pongas en contacto con nosotros lo antes posible. Haremos todo lo posible por acomodarte seg\u00fan la disponibilidad.<\/p><\/div>\n\t\t\t\t\t<\/div><div class=\"eael-accordion-list\">\n\t\t\t\t\t<div id=\"puedo-obtener-un-reembolso-si-no-puedo-hacer-mi-city-tour\" class=\"elementor-tab-title eael-accordion-header\" tabindex=\"0\" data-tab=\"4\" aria-controls=\"elementor-tab-content-2364\"><span class=\"eael-advanced-accordion-icon-closed\"><svg aria-hidden=\"true\" class=\"fa-accordion-icon e-font-icon-svg e-fas-plus\" viewbox=\"0 0 448 512\" xmlns=\"http:\/\/www.w3.org\/2000\/svg\"><path d=\"M416 208H272V64c0-17.67-14.33-32-32-32h-32c-17.67 0-32 14.33-32 32v144H32c-17.67 0-32 14.33-32 32v32c0 17.67 14.33 32 32 32h144v144c0 17.67 14.33 32 32 32h32c17.67 0 32-14.33 32-32V304h144c17.67 0 32-14.33 32-32v-32c0-17.67-14.33-32-32-32z\"><\/path><\/svg><\/span><span class=\"eael-advanced-accordion-icon-opened\"><svg aria-hidden=\"true\" class=\"fa-accordion-icon e-font-icon-svg e-fas-minus\" viewbox=\"0 0 448 512\" xmlns=\"http:\/\/www.w3.org\/2000\/svg\"><path d=\"M416 208H32c-17.67 0-32 14.33-32 32v32c0 17.67 14.33 32 32 32h384c17.67 0 32-14.33 32-32v-32c0-17.67-14.33-32-32-32z\"><\/path><\/svg><\/span><span class=\"eael-accordion-tab-title\">\u00bfPuedo obtener un reembolso si no puedo hacer mi city tour?<\/span><svg aria-hidden=\"true\" class=\"fa-toggle e-font-icon-svg e-fas-angle-right\" viewbox=\"0 0 256 512\" xmlns=\"http:\/\/www.w3.org\/2000\/svg\"><path d=\"M224.3 273l-136 136c-9.4 9.4-24.6 9.4-33.9 0l-22.6-22.6c-9.4-9.4-9.4-24.6 0-33.9l96.4-96.4-96.4-96.4c-9.4-9.4-9.4-24.6 0-33.9L54.3 103c9.4-9.4 24.6-9.4 33.9 0l136 136c9.5 9.4 9.5 24.6.1 34z\"><\/path><\/svg><\/div><div id=\"elementor-tab-content-2364\" class=\"eael-accordion-content clearfix\" data-tab=\"4\" aria-labelledby=\"puedo-obtener-un-reembolso-si-no-puedo-hacer-mi-city-tour\"><p>\u00a1S\u00ed! Entendemos que los planes pueden cambiar. Si necesitas cancelar tu city tour te recomendamos que nos avises con la mayor antelaci\u00f3n posible para facilitar el proceso.<\/p><\/div>\n\t\t\t\t\t<\/div><\/div>\t\t\t\t<\/div>\n\t\t\t\t<\/div>\n\t\t\t\t\t<\/div>\n\t\t\t\t<\/div>\n\t\t\t\t<\/div>","protected":false},"excerpt":{"rendered":"<p>Pol\u00edticas de devoluci\u00f3n \u00bfTienes preguntas sobre los reembolsos? \u00a1Aqu\u00ed te ayudamos!\u200b \u00bfCu\u00e1nto tiempo tengo para solicitar un reembolso? Generalmente, las solicitudes deben realizarse con al menos 72 horas de anticipaci\u00f3n a la fecha del city tour. \u00bfVoy a recibir el reembolso completo? El monto del reembolso puede variar seg\u00fan el momento de la cancelaci\u00f3n y [&hellip;]<\/p>\n","protected":false},"author":1,"featured_media":0,"parent":0,"menu_order":0,"comment_status":"closed","ping_status":"closed","template":"elementor_header_footer","meta":{"footnotes":""},"class_list":["post-3693","page","type-page","status-publish","hentry"],"aioseo_notices":[],"_links":{"self":[{"href":"https:\/\/citytourcalafate.com\/en\/wp-json\/wp\/v2\/pages\/3693","targetHints":{"allow":["GET"]}}],"collection":[{"href":"https:\/\/citytourcalafate.com\/en\/wp-json\/wp\/v2\/pages"}],"about":[{"href":"https:\/\/citytourcalafate.com\/en\/wp-json\/wp\/v2\/types\/page"}],"author":[{"embeddable":true,"href":"https:\/\/citytourcalafate.com\/en\/wp-json\/wp\/v2\/users\/1"}],"replies":[{"embeddable":true,"href":"https:\/\/citytourcalafate.com\/en\/wp-json\/wp\/v2\/comments?post=3693"}],"version-history":[{"count":14,"href":"https:\/\/citytourcalafate.com\/en\/wp-json\/wp\/v2\/pages\/3693\/revisions"}],"predecessor-version":[{"id":3724,"href":"https:\/\/citytourcalafate.com\/en\/wp-json\/wp\/v2\/pages\/3693\/revisions\/3724"}],"wp:attachment":[{"href":"https:\/\/citytourcalafate.com\/en\/wp-json\/wp\/v2\/media?parent=3693"}],"curies":[{"name":"wp","href":"https:\/\/api.w.org\/{rel}","templated":true}]}}